{"id":71309,"date":"2025-07-15T09:41:21","date_gmt":"2025-07-15T09:41:21","guid":{"rendered":"https:\/\/personaltrainerjuanma.multiplikate.com\/?page_id=71309"},"modified":"2025-07-16T10:10:42","modified_gmt":"2025-07-16T10:10:42","slug":"calculador-imc","status":"publish","type":"page","link":"https:\/\/personaltrainerjuanma.multiplikate.com\/?page_id=71309","title":{"rendered":"Calculador IMC"},"content":{"rendered":"<p>[et_pb_section fb_built=\u00bb1&#8243; custom_padding_last_edited=\u00bbon|tablet\u00bb _builder_version=\u00bb4.27.4&#8243; _module_preset=\u00bbdefault\u00bb background_image=\u00bbhttps:\/\/personaltrainerjuanma.multiplikate.com\/wp-content\/uploads\/2025\/07\/Juanma-9.jpg\u00bb background_enable_video_mp4=\u00bboff\u00bb custom_margin=\u00bb0px||0px||false|false\u00bb custom_padding=\u00bb165px||165px||true|false\u00bb custom_padding_tablet=\u00bb290px||100px||false|false\u00bb custom_padding_phone=\u00bb120px||110px||false|false\u00bb global_colors_info=\u00bb{}\u00bb][et_pb_row use_custom_gutter=\u00bbon\u00bb gutter_width=\u00bb1&#8243; make_equal=\u00bbon\u00bb _builder_version=\u00bb4.27.4&#8243; _module_preset=\u00bbdefault\u00bb width=\u00bb90%\u00bb max_width=\u00bb1290px\u00bb custom_margin=\u00bb0px||0px||false|false\u00bb custom_padding=\u00bb0px||0px||false|false\u00bb animation_style=\u00bbzoom\u00bb animation_speed_curve=\u00bbease\u00bb global_colors_info=\u00bb{}\u00bb][et_pb_column type=\u00bb4_4&#8243; _builder_version=\u00bb4.27.0&#8243; _module_preset=\u00bbdefault\u00bb global_colors_info=\u00bb{}\u00bb][et_pb_text _builder_version=\u00bb4.27.4&#8243; _module_preset=\u00bbdefault\u00bb header_font=\u00bbOutfit|600|||||||\u00bb header_text_align=\u00bbleft\u00bb header_text_color=\u00bb#FFFFFF\u00bb header_font_size=\u00bb75px\u00bb custom_margin=\u00bb0px||0px|-7px|false|false\u00bb custom_margin_tablet=\u00bb0px||30px|-5px|false|false\u00bb custom_margin_phone=\u00bb||0px|0px|false|false\u00bb custom_margin_last_edited=\u00bbon|tablet\u00bb custom_padding=\u00bb0px||0px||false|false\u00bb hover_enabled=\u00bb0&#8243; header_text_align_tablet=\u00bbleft\u00bb header_text_align_phone=\u00bbleft\u00bb header_text_align_last_edited=\u00bbon|phone\u00bb header_font_size_tablet=\u00bb90px\u00bb header_font_size_phone=\u00bb46px\u00bb header_font_size_last_edited=\u00bbon|tablet\u00bb global_colors_info=\u00bb{}\u00bb header_text_shadow_style=\u00bbpreset2&#8243; sticky_enabled=\u00bb0&#8243;]<\/p>\n<h1 style=\"text-align: center;\">Calculador IMC<\/h1>\n<p>[\/et_pb_text][\/et_pb_column][\/et_pb_row][\/et_pb_section][et_pb_section fb_built=\u00bb1&#8243; _builder_version=\u00bb4.27.3&#8243; _module_preset=\u00bbdefault\u00bb custom_padding=\u00bb60px||60px|||\u00bb global_colors_info=\u00bb{}\u00bb][et_pb_row column_structure=\u00bb1_2,1_2&#8243; _builder_version=\u00bb4.27.4&#8243; _module_preset=\u00bbdefault\u00bb width=\u00bb90%\u00bb max_width=\u00bb2560px\u00bb custom_padding=\u00bb14px||12px|||\u00bb animation_style=\u00bbzoom\u00bb global_colors_info=\u00bb{}\u00bb][et_pb_column type=\u00bb1_2&#8243; _builder_version=\u00bb4.27.3&#8243; _module_preset=\u00bbdefault\u00bb global_colors_info=\u00bb{}\u00bb][et_pb_image src=\u00bbhttps:\/\/personaltrainerjuanma.multiplikate.com\/wp-content\/uploads\/2025\/06\/Entrenador-Juanma-5.jpg\u00bb title_text=\u00bbEntrenador Juanma (5)\u00bb _builder_version=\u00bb4.27.4&#8243; _module_preset=\u00bbdefault\u00bb width=\u00bb65%\u00bb max_width_tablet=\u00bb\u00bb max_width_phone=\u00bb100%\u00bb max_width_last_edited=\u00bbon|phone\u00bb module_alignment=\u00bbcenter\u00bb custom_margin=\u00bb-2px||0px||false|false\u00bb custom_margin_tablet=\u00bb0px||0px||false|false\u00bb custom_margin_phone=\u00bb0%||0px||false|false\u00bb custom_margin_last_edited=\u00bbon|phone\u00bb custom_padding=\u00bb0px||0px||false|false\u00bb module_alignment_tablet=\u00bb\u00bb module_alignment_phone=\u00bbright\u00bb module_alignment_last_edited=\u00bbon|phone\u00bb border_radii=\u00bbon|32px|32px|32px|32px\u00bb box_shadow_style=\u00bbpreset2&#8243; global_colors_info=\u00bb{}\u00bb][\/et_pb_image][\/et_pb_column][et_pb_column type=\u00bb1_2&#8243; _builder_version=\u00bb4.27.3&#8243; _module_preset=\u00bbdefault\u00bb global_colors_info=\u00bb{}\u00bb][et_pb_text _builder_version=\u00bb4.27.4&#8243; _module_preset=\u00bbdefault\u00bb header_4_font=\u00bbOutfit|700||on|||||\u00bb header_4_text_align=\u00bbleft\u00bb header_4_text_color=\u00bb#111111&#8243; header_4_font_size=\u00bb10px\u00bb header_4_letter_spacing=\u00bb10px\u00bb header_4_line_height=\u00bb1.2em\u00bb custom_margin=\u00bb4px||0px||false|false\u00bb custom_padding=\u00bb0px||0px||false|false\u00bb global_colors_info=\u00bb{}\u00bb]<\/p>\n<h4><\/h4>\n<p>[\/et_pb_text][et_pb_text _builder_version=\u00bb4.27.4&#8243; _module_preset=\u00bbdefault\u00bb header_2_font=\u00bbOutfit|700|||||||\u00bb header_2_text_align=\u00bbleft\u00bb header_2_text_color=\u00bb#111111&#8243; header_2_font_size=\u00bb40px\u00bb header_2_line_height=\u00bb1.1em\u00bb custom_margin=\u00bb0px||12px||false|false\u00bb custom_margin_tablet=\u00bb0px||19px||false|false\u00bb custom_margin_phone=\u00bb0px||15px||false|false\u00bb custom_margin_last_edited=\u00bbon|phone\u00bb custom_padding=\u00bb0px||0px||false|false\u00bb header_2_font_size_tablet=\u00bb60px\u00bb header_2_font_size_phone=\u00bb30px\u00bb header_2_font_size_last_edited=\u00bbon|phone\u00bb global_colors_info=\u00bb{}\u00bb]<\/p>\n<h2>Descubre como est\u00e1s<\/h2>\n<p>[\/et_pb_text][et_pb_text _builder_version=\u00bb4.27.4&#8243; _module_preset=\u00bbdefault\u00bb text_font=\u00bbManrope||||||||\u00bb text_text_color=\u00bb#111111&#8243; text_font_size=\u00bb16px\u00bb text_line_height=\u00bb1.6em\u00bb max_width=\u00bb480px\u00bb custom_margin=\u00bb0px||2px||false|false\u00bb custom_padding=\u00bb0px||0px||false|false\u00bb global_colors_info=\u00bb{}\u00bb]<\/p>\n<p style=\"text-align: justify;\">Cuando empieces a entrenar conmigo, calcularemos tu IMC de forma personalizada, como parte de la primera evaluaci\u00f3n. Este dato nos ayudar\u00e1 a entender tu punto de partida real, ajustar tu plan de entrenamiento y nutrici\u00f3n con precisi\u00f3n, y hacer un seguimiento medible de tu progreso f\u00edsico a lo largo del tiempo.<\/p>\n<p>[\/et_pb_text][\/et_pb_column][\/et_pb_row][\/et_pb_section][et_pb_section fb_built=\u00bb1&#8243; disabled_on=\u00bbon|on|on\u00bb _builder_version=\u00bb4.27.4&#8243; _module_preset=\u00bbdefault\u00bb background_color=\u00bb#111111&#8243; custom_padding=\u00bb60px||70px|||\u00bb disabled=\u00bbon\u00bb global_colors_info=\u00bb{}\u00bb][et_pb_row _builder_version=\u00bb4.27.4&#8243; _module_preset=\u00bbdefault\u00bb custom_padding=\u00bb5px||6px|||\u00bb animation_style=\u00bbzoom\u00bb global_colors_info=\u00bb{}\u00bb][et_pb_column type=\u00bb4_4&#8243; _builder_version=\u00bb4.27.4&#8243; _module_preset=\u00bbdefault\u00bb global_colors_info=\u00bb{}\u00bb][et_pb_text _builder_version=\u00bb4.27.4&#8243; _module_preset=\u00bbdefault\u00bb header_2_font=\u00bbOutfit|700|||||||\u00bb header_2_text_align=\u00bbleft\u00bb header_2_text_color=\u00bb#FFFFFF\u00bb header_2_font_size=\u00bb60px\u00bb header_2_line_height=\u00bb1.1em\u00bb custom_margin=\u00bb0px||32px||false|false\u00bb custom_margin_tablet=\u00bb0px||19px||false|false\u00bb custom_margin_phone=\u00bb0px||15px||false|false\u00bb custom_margin_last_edited=\u00bbon|phone\u00bb custom_padding=\u00bb0px||0px||false|false\u00bb header_2_font_size_tablet=\u00bb60px\u00bb header_2_font_size_phone=\u00bb30px\u00bb header_2_font_size_last_edited=\u00bbon|phone\u00bb global_colors_info=\u00bb{}\u00bb]<\/p>\n<h2 style=\"text-align: center;\">Calculador<\/h2>\n<p>[\/et_pb_text][et_pb_text _builder_version=\u00bb4.27.4&#8243; _module_preset=\u00bbdefault\u00bb text_font=\u00bbManrope||||||||\u00bb text_text_color=\u00bb#FFFFFF\u00bb text_font_size=\u00bb16px\u00bb text_line_height=\u00bb1.6em\u00bb custom_margin=\u00bb0px||30px||false|false\u00bb custom_padding=\u00bb0px||0px||false|false\u00bb global_colors_info=\u00bb{}\u00bb][\/et_pb_text][\/et_pb_column][\/et_pb_row][\/et_pb_section]<\/p>\n","protected":false},"excerpt":{"rendered":"<p>Calculador IMCDescubre como est\u00e1sCuando empieces a entrenar conmigo, calcularemos tu IMC de forma personalizada, como parte de la primera evaluaci\u00f3n. Este dato nos ayudar\u00e1 a entender tu punto de partida real, ajustar tu plan de entrenamiento y nutrici\u00f3n con precisi\u00f3n, y hacer un seguimiento medible de tu progreso f\u00edsico a lo largo del tiempo.Calculador<\/p>\n","protected":false},"author":1,"featured_media":0,"parent":0,"menu_order":0,"comment_status":"closed","ping_status":"closed","template":"","meta":{"_et_pb_use_builder":"on","_et_pb_old_content":"","_et_gb_content_width":"","footnotes":""},"class_list":["post-71309","page","type-page","status-publish","hentry"],"_links":{"self":[{"href":"https:\/\/personaltrainerjuanma.multiplikate.com\/index.php?rest_route=\/wp\/v2\/pages\/71309","targetHints":{"allow":["GET"]}}],"collection":[{"href":"https:\/\/personaltrainerjuanma.multiplikate.com\/index.php?rest_route=\/wp\/v2\/pages"}],"about":[{"href":"https:\/\/personaltrainerjuanma.multiplikate.com\/index.php?rest_route=\/wp\/v2\/types\/page"}],"author":[{"embeddable":true,"href":"https:\/\/personaltrainerjuanma.multiplikate.com\/index.php?rest_route=\/wp\/v2\/users\/1"}],"replies":[{"embeddable":true,"href":"https:\/\/personaltrainerjuanma.multiplikate.com\/index.php?rest_route=%2Fwp%2Fv2%2Fcomments&post=71309"}],"version-history":[{"count":5,"href":"https:\/\/personaltrainerjuanma.multiplikate.com\/index.php?rest_route=\/wp\/v2\/pages\/71309\/revisions"}],"predecessor-version":[{"id":71377,"href":"https:\/\/personaltrainerjuanma.multiplikate.com\/index.php?rest_route=\/wp\/v2\/pages\/71309\/revisions\/71377"}],"wp:attachment":[{"href":"https:\/\/personaltrainerjuanma.multiplikate.com\/index.php?rest_route=%2Fwp%2Fv2%2Fmedia&parent=71309"}],"curies":[{"name":"wp","href":"https:\/\/api.w.org\/{rel}","templated":true}]}}